{"id":24,"date":"2021-06-08T15:49:47","date_gmt":"2021-06-08T20:49:47","guid":{"rendered":"https:\/\/inmmar.com\/boletin\/?page_id=24"},"modified":"2021-06-08T18:07:23","modified_gmt":"2021-06-08T23:07:23","slug":"boletin-inmmar","status":"publish","type":"page","link":"https:\/\/inmmar.com\/boletin\/","title":{"rendered":"Bolet\u00edn INMMAR"},"content":{"rendered":"<p>[et_pb_section fb_built=\u00bb1&#8243; fullwidth=\u00bbon\u00bb _builder_version=\u00bb4.9.4&#8243; _module_preset=\u00bbdefault\u00bb][et_pb_fullwidth_post_title meta=\u00bboff\u00bb featured_placement=\u00bbbackground\u00bb text_color=\u00bblight\u00bb _builder_version=\u00bb4.9.4&#8243; _module_preset=\u00bbdefault\u00bb title_font_size=\u00bb31px\u00bb text_orientation=\u00bbcenter\u00bb text_shadow_style=\u00bbpreset2&#8243;][\/et_pb_fullwidth_post_title][\/et_pb_section][et_pb_section fb_built=\u00bb1&#8243; _builder_version=\u00bb4.9.4&#8243; _module_preset=\u00bbdefault\u00bb][et_pb_row column_structure=\u00bb1_4,3_4&#8243; _builder_version=\u00bb4.9.4&#8243; _module_preset=\u00bbdefault\u00bb][et_pb_column type=\u00bb1_4&#8243; _builder_version=\u00bb4.9.4&#8243; _module_preset=\u00bbdefault\u00bb][et_pb_sidebar _builder_version=\u00bb4.9.4&#8243; _module_preset=\u00bbdefault\u00bb][\/et_pb_sidebar][\/et_pb_column][et_pb_column type=\u00bb3_4&#8243; _builder_version=\u00bb4.9.4&#8243; _module_preset=\u00bbdefault\u00bb][et_pb_blog fullwidth=\u00bboff\u00bb posts_number=\u00bb30&#8243; include_categories=\u00bball\u00bb show_author=\u00bboff\u00bb show_categories=\u00bboff\u00bb _builder_version=\u00bb4.9.4&#8243; _module_preset=\u00bbdefault\u00bb hover_enabled=\u00bb0&#8243; sticky_enabled=\u00bb0&#8243;][\/et_pb_blog][\/et_pb_column][\/et_pb_row][\/et_pb_section]<\/p>\n","protected":false},"excerpt":{"rendered":"<p>Acomp\u00e1\u00f1anos en nuestra misi\u00f3n de estudio de la megafauna marina para contribuir a su conservaci\u00f3n y promover el desarrollo sostenible de oc\u00e9anos y costas.<\/p>\n","protected":false},"author":1,"featured_media":6,"parent":0,"menu_order":0,"comment_status":"closed","ping_status":"closed","template":"","meta":{"_et_pb_use_builder":"on","_et_pb_old_content":"","_et_gb_content_width":"","footnotes":""},"class_list":["post-24","page","type-page","status-publish","has-post-thumbnail","hentry"],"_links":{"self":[{"href":"https:\/\/inmmar.com\/boletin\/wp-json\/wp\/v2\/pages\/24","targetHints":{"allow":["GET"]}}],"collection":[{"href":"https:\/\/inmmar.com\/boletin\/wp-json\/wp\/v2\/pages"}],"about":[{"href":"https:\/\/inmmar.com\/boletin\/wp-json\/wp\/v2\/types\/page"}],"author":[{"embeddable":true,"href":"https:\/\/inmmar.com\/boletin\/wp-json\/wp\/v2\/users\/1"}],"replies":[{"embeddable":true,"href":"https:\/\/inmmar.com\/boletin\/wp-json\/wp\/v2\/comments?post=24"}],"version-history":[{"count":5,"href":"https:\/\/inmmar.com\/boletin\/wp-json\/wp\/v2\/pages\/24\/revisions"}],"predecessor-version":[{"id":65,"href":"https:\/\/inmmar.com\/boletin\/wp-json\/wp\/v2\/pages\/24\/revisions\/65"}],"wp:featuredmedia":[{"embeddable":true,"href":"https:\/\/inmmar.com\/boletin\/wp-json\/wp\/v2\/media\/6"}],"wp:attachment":[{"href":"https:\/\/inmmar.com\/boletin\/wp-json\/wp\/v2\/media?parent=24"}],"curies":[{"name":"wp","href":"https:\/\/api.w.org\/{rel}","templated":true}]}}